{"id":76,"date":"2022-04-26T00:16:18","date_gmt":"2022-04-25T22:16:18","guid":{"rendered":"https:\/\/www.weingut-heussler.de\/wp\/?post_type=product&#038;p=76"},"modified":"2022-11-11T16:11:17","modified_gmt":"2022-11-11T15:11:17","slug":"syrah-tresterbrand","status":"publish","type":"product","link":"https:\/\/www.weingut-heussler.de\/wp\/shop\/destillate\/edelbrand\/syrah-tresterbrand\/","title":{"rendered":"Cabernet Sauvignon Tresterbrand"},"content":{"rendered":"","protected":false},"excerpt":{"rendered":"<p>Cabernet Sauvignon Trester ist ein vollmundiger, kr\u00e4ftiger Grappa.<br \/>\nSeine Wurzeln liegen in Frankreich, vielleicht f\u00fchlt er sich deshalb im franz\u00f6sischen Eichenfass so wohl!?<\/p>\n<p>Das Ergebnis ist jedenfalls sehr harmonisch! Findet auch die Landwirtschaftkammer der Pfalz und pr\u00e4miert ihn mit der Goldmedaille &#8211; der goldenen Kammerpreism\u00fcnze.<\/p>\n","protected":false},"featured_media":788,"template":"","meta":{"_themeisle_gutenberg_block_has_review":false},"product_brand":[],"product_cat":[20,43],"product_tag":[200],"class_list":{"0":"post-76","1":"product","2":"type-product","3":"status-publish","4":"has-post-thumbnail","6":"product_cat-destillate","7":"product_cat-edelbrand","8":"product_tag-goldene-kammerpreismunze","10":"first","11":"instock","12":"taxable","13":"shipping-taxable","14":"purchasable","15":"product-type-simple"},"yoast_head":"<!-- This site is optimized with the Yoast SEO plugin v27.3 - https:\/\/yoast.com\/product\/yoast-seo-wordpress\/ -->\n<title>Cabernet Sauvignon Tresterbrand - Heu\u00dfler Wein und Destillate<\/title>\n<meta name=\"robots\" content=\"index, follow, max-snippet:-1, max-image-preview:large, max-video-preview:-1\" \/>\n<link rel=\"canonical\" href=\"https:\/\/www.weingut-heussler.de\/wp\/shop\/destillate\/edelbrand\/syrah-tresterbrand\/\" \/>\n<meta property=\"og:locale\" content=\"de_DE\" \/>\n<meta property=\"og:type\" content=\"article\" \/>\n<meta property=\"og:title\" content=\"Cabernet Sauvignon Tresterbrand - Heu\u00dfler Wein und Destillate\" \/>\n<meta property=\"og:description\" content=\"Cabernet Sauvignon Trester ist ein vollmundiger, kr\u00e4ftiger Grappa. Seine Wurzeln liegen in Frankreich, vielleicht f\u00fchlt er sich deshalb im franz\u00f6sischen Eichenfass so wohl!?  Das Ergebnis ist jedenfalls sehr harmonisch! Findet auch die Landwirtschaftkammer der Pfalz und pr\u00e4miert ihn mit der Goldmedaille - der goldenen Kammerpreism\u00fcnze.\" \/>\n<meta property=\"og:url\" content=\"https:\/\/www.weingut-heussler.de\/wp\/shop\/destillate\/edelbrand\/syrah-tresterbrand\/\" \/>\n<meta property=\"og:site_name\" content=\"Heu\u00dfler Wein und Destillate\" \/>\n<meta property=\"article:publisher\" content=\"https:\/\/de-de.facebook.com\/weingutheussler\/\" \/>\n<meta property=\"article:modified_time\" content=\"2022-11-11T15:11:17+00:00\" \/>\n<meta property=\"og:image\" content=\"https:\/\/www.weingut-heussler.de\/wp\/wp-content\/uploads\/2022\/09\/heussler-destillerie-tresterbrand-cabernet-sauvignon.png\" \/>\n\t<meta property=\"og:image:width\" content=\"800\" \/>\n\t<meta property=\"og:image:height\" content=\"800\" \/>\n\t<meta property=\"og:image:type\" content=\"image\/png\" \/>\n<meta name=\"twitter:card\" content=\"summary_large_image\" \/>\n<script type=\"application\/ld+json\" class=\"yoast-schema-graph\">{\"@context\":\"https:\\\/\\\/schema.org\",\"@graph\":[{\"@type\":\"WebPage\",\"@id\":\"https:\\\/\\\/www.weingut-heussler.de\\\/wp\\\/shop\\\/destillate\\\/edelbrand\\\/syrah-tresterbrand\\\/\",\"url\":\"https:\\\/\\\/www.weingut-heussler.de\\\/wp\\\/shop\\\/destillate\\\/edelbrand\\\/syrah-tresterbrand\\\/\",\"name\":\"Cabernet Sauvignon Tresterbrand - Heu\u00dfler Wein und Destillate\",\"isPartOf\":{\"@id\":\"https:\\\/\\\/www.weingut-heussler.de\\\/wp\\\/#website\"},\"primaryImageOfPage\":{\"@id\":\"https:\\\/\\\/www.weingut-heussler.de\\\/wp\\\/shop\\\/destillate\\\/edelbrand\\\/syrah-tresterbrand\\\/#primaryimage\"},\"image\":{\"@id\":\"https:\\\/\\\/www.weingut-heussler.de\\\/wp\\\/shop\\\/destillate\\\/edelbrand\\\/syrah-tresterbrand\\\/#primaryimage\"},\"thumbnailUrl\":\"https:\\\/\\\/www.weingut-heussler.de\\\/wp\\\/wp-content\\\/uploads\\\/2022\\\/09\\\/heussler-destillerie-tresterbrand-cabernet-sauvignon.png\",\"datePublished\":\"2022-04-25T22:16:18+00:00\",\"dateModified\":\"2022-11-11T15:11:17+00:00\",\"breadcrumb\":{\"@id\":\"https:\\\/\\\/www.weingut-heussler.de\\\/wp\\\/shop\\\/destillate\\\/edelbrand\\\/syrah-tresterbrand\\\/#breadcrumb\"},\"inLanguage\":\"de\",\"potentialAction\":[{\"@type\":\"ReadAction\",\"target\":[\"https:\\\/\\\/www.weingut-heussler.de\\\/wp\\\/shop\\\/destillate\\\/edelbrand\\\/syrah-tresterbrand\\\/\"]}]},{\"@type\":\"ImageObject\",\"inLanguage\":\"de\",\"@id\":\"https:\\\/\\\/www.weingut-heussler.de\\\/wp\\\/shop\\\/destillate\\\/edelbrand\\\/syrah-tresterbrand\\\/#primaryimage\",\"url\":\"https:\\\/\\\/www.weingut-heussler.de\\\/wp\\\/wp-content\\\/uploads\\\/2022\\\/09\\\/heussler-destillerie-tresterbrand-cabernet-sauvignon.png\",\"contentUrl\":\"https:\\\/\\\/www.weingut-heussler.de\\\/wp\\\/wp-content\\\/uploads\\\/2022\\\/09\\\/heussler-destillerie-tresterbrand-cabernet-sauvignon.png\",\"width\":800,\"height\":800},{\"@type\":\"BreadcrumbList\",\"@id\":\"https:\\\/\\\/www.weingut-heussler.de\\\/wp\\\/shop\\\/destillate\\\/edelbrand\\\/syrah-tresterbrand\\\/#breadcrumb\",\"itemListElement\":[{\"@type\":\"ListItem\",\"position\":1,\"name\":\"Startseite\",\"item\":\"https:\\\/\\\/www.weingut-heussler.de\\\/wp\\\/\"},{\"@type\":\"ListItem\",\"position\":2,\"name\":\"Produkte\",\"item\":\"https:\\\/\\\/www.weingut-heussler.de\\\/wp\\\/shop\\\/\"},{\"@type\":\"ListItem\",\"position\":3,\"name\":\"Cabernet Sauvignon Tresterbrand\"}]},{\"@type\":\"WebSite\",\"@id\":\"https:\\\/\\\/www.weingut-heussler.de\\\/wp\\\/#website\",\"url\":\"https:\\\/\\\/www.weingut-heussler.de\\\/wp\\\/\",\"name\":\"Heu\u00dfler Wein und Destillate\",\"description\":\"Heu\u00dfler Weingut Destillerie Pfalz\",\"publisher\":{\"@id\":\"https:\\\/\\\/www.weingut-heussler.de\\\/wp\\\/#organization\"},\"potentialAction\":[{\"@type\":\"SearchAction\",\"target\":{\"@type\":\"EntryPoint\",\"urlTemplate\":\"https:\\\/\\\/www.weingut-heussler.de\\\/wp\\\/?s={search_term_string}\"},\"query-input\":{\"@type\":\"PropertyValueSpecification\",\"valueRequired\":true,\"valueName\":\"search_term_string\"}}],\"inLanguage\":\"de\"},{\"@type\":\"Organization\",\"@id\":\"https:\\\/\\\/www.weingut-heussler.de\\\/wp\\\/#organization\",\"name\":\"Heu\u00dfler Wein und Destillate\",\"url\":\"https:\\\/\\\/www.weingut-heussler.de\\\/wp\\\/\",\"logo\":{\"@type\":\"ImageObject\",\"inLanguage\":\"de\",\"@id\":\"https:\\\/\\\/www.weingut-heussler.de\\\/wp\\\/#\\\/schema\\\/logo\\\/image\\\/\",\"url\":\"https:\\\/\\\/www.weingut-heussler.de\\\/wp\\\/wp-content\\\/uploads\\\/2022\\\/07\\\/cropped-Logo.png\",\"contentUrl\":\"https:\\\/\\\/www.weingut-heussler.de\\\/wp\\\/wp-content\\\/uploads\\\/2022\\\/07\\\/cropped-Logo.png\",\"width\":320,\"height\":124,\"caption\":\"Heu\u00dfler Wein und Destillate\"},\"image\":{\"@id\":\"https:\\\/\\\/www.weingut-heussler.de\\\/wp\\\/#\\\/schema\\\/logo\\\/image\\\/\"},\"sameAs\":[\"https:\\\/\\\/de-de.facebook.com\\\/weingutheussler\\\/\",\"https:\\\/\\\/www.instagram.com\\\/weingut.heussler\\\/\"]}]}<\/script>\n<!-- \/ Yoast SEO plugin. -->","yoast_head_json":{"title":"Cabernet Sauvignon Tresterbrand - Heu\u00dfler Wein und Destillate","robots":{"index":"index","follow":"follow","max-snippet":"max-snippet:-1","max-image-preview":"max-image-preview:large","max-video-preview":"max-video-preview:-1"},"canonical":"https:\/\/www.weingut-heussler.de\/wp\/shop\/destillate\/edelbrand\/syrah-tresterbrand\/","og_locale":"de_DE","og_type":"article","og_title":"Cabernet Sauvignon Tresterbrand - Heu\u00dfler Wein und Destillate","og_description":"Cabernet Sauvignon Trester ist ein vollmundiger, kr\u00e4ftiger Grappa. Seine Wurzeln liegen in Frankreich, vielleicht f\u00fchlt er sich deshalb im franz\u00f6sischen Eichenfass so wohl!?  Das Ergebnis ist jedenfalls sehr harmonisch! Findet auch die Landwirtschaftkammer der Pfalz und pr\u00e4miert ihn mit der Goldmedaille - der goldenen Kammerpreism\u00fcnze.","og_url":"https:\/\/www.weingut-heussler.de\/wp\/shop\/destillate\/edelbrand\/syrah-tresterbrand\/","og_site_name":"Heu\u00dfler Wein und Destillate","article_publisher":"https:\/\/de-de.facebook.com\/weingutheussler\/","article_modified_time":"2022-11-11T15:11:17+00:00","og_image":[{"width":800,"height":800,"url":"https:\/\/www.weingut-heussler.de\/wp\/wp-content\/uploads\/2022\/09\/heussler-destillerie-tresterbrand-cabernet-sauvignon.png","type":"image\/png"}],"twitter_card":"summary_large_image","schema":{"@context":"https:\/\/schema.org","@graph":[{"@type":"WebPage","@id":"https:\/\/www.weingut-heussler.de\/wp\/shop\/destillate\/edelbrand\/syrah-tresterbrand\/","url":"https:\/\/www.weingut-heussler.de\/wp\/shop\/destillate\/edelbrand\/syrah-tresterbrand\/","name":"Cabernet Sauvignon Tresterbrand - Heu\u00dfler Wein und Destillate","isPartOf":{"@id":"https:\/\/www.weingut-heussler.de\/wp\/#website"},"primaryImageOfPage":{"@id":"https:\/\/www.weingut-heussler.de\/wp\/shop\/destillate\/edelbrand\/syrah-tresterbrand\/#primaryimage"},"image":{"@id":"https:\/\/www.weingut-heussler.de\/wp\/shop\/destillate\/edelbrand\/syrah-tresterbrand\/#primaryimage"},"thumbnailUrl":"https:\/\/www.weingut-heussler.de\/wp\/wp-content\/uploads\/2022\/09\/heussler-destillerie-tresterbrand-cabernet-sauvignon.png","datePublished":"2022-04-25T22:16:18+00:00","dateModified":"2022-11-11T15:11:17+00:00","breadcrumb":{"@id":"https:\/\/www.weingut-heussler.de\/wp\/shop\/destillate\/edelbrand\/syrah-tresterbrand\/#breadcrumb"},"inLanguage":"de","potentialAction":[{"@type":"ReadAction","target":["https:\/\/www.weingut-heussler.de\/wp\/shop\/destillate\/edelbrand\/syrah-tresterbrand\/"]}]},{"@type":"ImageObject","inLanguage":"de","@id":"https:\/\/www.weingut-heussler.de\/wp\/shop\/destillate\/edelbrand\/syrah-tresterbrand\/#primaryimage","url":"https:\/\/www.weingut-heussler.de\/wp\/wp-content\/uploads\/2022\/09\/heussler-destillerie-tresterbrand-cabernet-sauvignon.png","contentUrl":"https:\/\/www.weingut-heussler.de\/wp\/wp-content\/uploads\/2022\/09\/heussler-destillerie-tresterbrand-cabernet-sauvignon.png","width":800,"height":800},{"@type":"BreadcrumbList","@id":"https:\/\/www.weingut-heussler.de\/wp\/shop\/destillate\/edelbrand\/syrah-tresterbrand\/#breadcrumb","itemListElement":[{"@type":"ListItem","position":1,"name":"Startseite","item":"https:\/\/www.weingut-heussler.de\/wp\/"},{"@type":"ListItem","position":2,"name":"Produkte","item":"https:\/\/www.weingut-heussler.de\/wp\/shop\/"},{"@type":"ListItem","position":3,"name":"Cabernet Sauvignon Tresterbrand"}]},{"@type":"WebSite","@id":"https:\/\/www.weingut-heussler.de\/wp\/#website","url":"https:\/\/www.weingut-heussler.de\/wp\/","name":"Heu\u00dfler Wein und Destillate","description":"Heu\u00dfler Weingut Destillerie Pfalz","publisher":{"@id":"https:\/\/www.weingut-heussler.de\/wp\/#organization"},"potentialAction":[{"@type":"SearchAction","target":{"@type":"EntryPoint","urlTemplate":"https:\/\/www.weingut-heussler.de\/wp\/?s={search_term_string}"},"query-input":{"@type":"PropertyValueSpecification","valueRequired":true,"valueName":"search_term_string"}}],"inLanguage":"de"},{"@type":"Organization","@id":"https:\/\/www.weingut-heussler.de\/wp\/#organization","name":"Heu\u00dfler Wein und Destillate","url":"https:\/\/www.weingut-heussler.de\/wp\/","logo":{"@type":"ImageObject","inLanguage":"de","@id":"https:\/\/www.weingut-heussler.de\/wp\/#\/schema\/logo\/image\/","url":"https:\/\/www.weingut-heussler.de\/wp\/wp-content\/uploads\/2022\/07\/cropped-Logo.png","contentUrl":"https:\/\/www.weingut-heussler.de\/wp\/wp-content\/uploads\/2022\/07\/cropped-Logo.png","width":320,"height":124,"caption":"Heu\u00dfler Wein und Destillate"},"image":{"@id":"https:\/\/www.weingut-heussler.de\/wp\/#\/schema\/logo\/image\/"},"sameAs":["https:\/\/de-de.facebook.com\/weingutheussler\/","https:\/\/www.instagram.com\/weingut.heussler\/"]}]}},"_links":{"self":[{"href":"https:\/\/www.weingut-heussler.de\/wp\/wp-json\/wp\/v2\/product\/76","targetHints":{"allow":["GET"]}}],"collection":[{"href":"https:\/\/www.weingut-heussler.de\/wp\/wp-json\/wp\/v2\/product"}],"about":[{"href":"https:\/\/www.weingut-heussler.de\/wp\/wp-json\/wp\/v2\/types\/product"}],"wp:featuredmedia":[{"embeddable":true,"href":"https:\/\/www.weingut-heussler.de\/wp\/wp-json\/wp\/v2\/media\/788"}],"wp:attachment":[{"href":"https:\/\/www.weingut-heussler.de\/wp\/wp-json\/wp\/v2\/media?parent=76"}],"wp:term":[{"taxonomy":"product_brand","embeddable":true,"href":"https:\/\/www.weingut-heussler.de\/wp\/wp-json\/wp\/v2\/product_brand?post=76"},{"taxonomy":"product_cat","embeddable":true,"href":"https:\/\/www.weingut-heussler.de\/wp\/wp-json\/wp\/v2\/product_cat?post=76"},{"taxonomy":"product_tag","embeddable":true,"href":"https:\/\/www.weingut-heussler.de\/wp\/wp-json\/wp\/v2\/product_tag?post=76"}],"curies":[{"name":"wp","href":"https:\/\/api.w.org\/{rel}","templated":true}]}}