{"id":42,"date":"2022-04-25T23:40:25","date_gmt":"2022-04-25T21:40:25","guid":{"rendered":"https:\/\/www.weingut-heussler.de\/wp\/?post_type=product&#038;p=42"},"modified":"2025-06-13T08:07:48","modified_gmt":"2025-06-13T06:07:48","slug":"2021er-allahopp-tr-075l","status":"publish","type":"product","link":"https:\/\/www.weingut-heussler.de\/wp\/shop\/wein\/rotwein\/2021er-allahopp-tr-075l\/","title":{"rendered":"Alla Hopp Rotweincuv\u00e9e trocken"},"content":{"rendered":"","protected":false},"excerpt":{"rendered":"<p><span dir=\"ltr\" role=\"presentation\">Sp\u00e4tburgunder \/ Portugieser \/ Dornfelder<\/span><\/p>\n<p><br role=\"presentation\" \/><span dir=\"ltr\" role=\"presentation\">saftige Beerenfrucht, frische W\u00fcrze<\/span><br role=\"presentation\" \/><span dir=\"ltr\" role=\"presentation\">Trinkfreude auf dem K\u00fcchentisc<\/span>h<\/p>\n","protected":false},"featured_media":798,"template":"","meta":{"_themeisle_gutenberg_block_has_review":false},"product_brand":[],"product_cat":[148,18],"product_tag":[99,100,101,102,103,107],"class_list":{"0":"post-42","1":"product","2":"type-product","3":"status-publish","4":"has-post-thumbnail","6":"product_cat-allahopp","7":"product_cat-rotwein","8":"product_tag-trocken","9":"product_tag-cuvee","10":"product_tag-spaetburgunder","11":"product_tag-portugieser","12":"product_tag-dornfelder","13":"product_tag-alla-hopp","15":"first","16":"instock","17":"taxable","18":"shipping-taxable","19":"purchasable","20":"product-type-simple"},"yoast_head":"<!-- This site is optimized with the Yoast SEO plugin v27.3 - https:\/\/yoast.com\/product\/yoast-seo-wordpress\/ -->\n<title>Alla Hopp Rotweincuv\u00e9e trocken - Heu\u00dfler Wein und Destillate<\/title>\n<meta name=\"robots\" content=\"index, follow, max-snippet:-1, max-image-preview:large, max-video-preview:-1\" \/>\n<link rel=\"canonical\" href=\"https:\/\/www.weingut-heussler.de\/wp\/shop\/wein\/rotwein\/2021er-allahopp-tr-075l\/\" \/>\n<meta property=\"og:locale\" content=\"de_DE\" \/>\n<meta property=\"og:type\" content=\"article\" \/>\n<meta property=\"og:title\" content=\"Alla Hopp Rotweincuv\u00e9e trocken - Heu\u00dfler Wein und Destillate\" \/>\n<meta property=\"og:description\" content=\"Sp\u00e4tburgunder \/ Portugieser \/ Dornfelder  saftige Beerenfrucht, frische W\u00fcrzeTrinkfreude auf dem K\u00fcchentisch\" \/>\n<meta property=\"og:url\" content=\"https:\/\/www.weingut-heussler.de\/wp\/shop\/wein\/rotwein\/2021er-allahopp-tr-075l\/\" \/>\n<meta property=\"og:site_name\" content=\"Heu\u00dfler Wein und Destillate\" \/>\n<meta property=\"article:publisher\" content=\"https:\/\/de-de.facebook.com\/weingutheussler\/\" \/>\n<meta property=\"article:modified_time\" content=\"2025-06-13T06:07:48+00:00\" \/>\n<meta property=\"og:image\" content=\"https:\/\/www.weingut-heussler.de\/wp\/wp-content\/uploads\/2022\/09\/heussler-weingut-rotwein-alla-hopp.png\" \/>\n\t<meta property=\"og:image:width\" content=\"800\" \/>\n\t<meta property=\"og:image:height\" content=\"800\" \/>\n\t<meta property=\"og:image:type\" content=\"image\/png\" \/>\n<meta name=\"twitter:card\" content=\"summary_large_image\" \/>\n<script type=\"application\/ld+json\" class=\"yoast-schema-graph\">{\"@context\":\"https:\\\/\\\/schema.org\",\"@graph\":[{\"@type\":\"WebPage\",\"@id\":\"https:\\\/\\\/www.weingut-heussler.de\\\/wp\\\/shop\\\/wein\\\/rotwein\\\/2021er-allahopp-tr-075l\\\/\",\"url\":\"https:\\\/\\\/www.weingut-heussler.de\\\/wp\\\/shop\\\/wein\\\/rotwein\\\/2021er-allahopp-tr-075l\\\/\",\"name\":\"Alla Hopp Rotweincuv\u00e9e trocken - Heu\u00dfler Wein und Destillate\",\"isPartOf\":{\"@id\":\"https:\\\/\\\/www.weingut-heussler.de\\\/wp\\\/#website\"},\"primaryImageOfPage\":{\"@id\":\"https:\\\/\\\/www.weingut-heussler.de\\\/wp\\\/shop\\\/wein\\\/rotwein\\\/2021er-allahopp-tr-075l\\\/#primaryimage\"},\"image\":{\"@id\":\"https:\\\/\\\/www.weingut-heussler.de\\\/wp\\\/shop\\\/wein\\\/rotwein\\\/2021er-allahopp-tr-075l\\\/#primaryimage\"},\"thumbnailUrl\":\"https:\\\/\\\/www.weingut-heussler.de\\\/wp\\\/wp-content\\\/uploads\\\/2022\\\/09\\\/heussler-weingut-rotwein-alla-hopp.png\",\"datePublished\":\"2022-04-25T21:40:25+00:00\",\"dateModified\":\"2025-06-13T06:07:48+00:00\",\"breadcrumb\":{\"@id\":\"https:\\\/\\\/www.weingut-heussler.de\\\/wp\\\/shop\\\/wein\\\/rotwein\\\/2021er-allahopp-tr-075l\\\/#breadcrumb\"},\"inLanguage\":\"de\",\"potentialAction\":[{\"@type\":\"ReadAction\",\"target\":[\"https:\\\/\\\/www.weingut-heussler.de\\\/wp\\\/shop\\\/wein\\\/rotwein\\\/2021er-allahopp-tr-075l\\\/\"]}]},{\"@type\":\"ImageObject\",\"inLanguage\":\"de\",\"@id\":\"https:\\\/\\\/www.weingut-heussler.de\\\/wp\\\/shop\\\/wein\\\/rotwein\\\/2021er-allahopp-tr-075l\\\/#primaryimage\",\"url\":\"https:\\\/\\\/www.weingut-heussler.de\\\/wp\\\/wp-content\\\/uploads\\\/2022\\\/09\\\/heussler-weingut-rotwein-alla-hopp.png\",\"contentUrl\":\"https:\\\/\\\/www.weingut-heussler.de\\\/wp\\\/wp-content\\\/uploads\\\/2022\\\/09\\\/heussler-weingut-rotwein-alla-hopp.png\",\"width\":800,\"height\":800},{\"@type\":\"BreadcrumbList\",\"@id\":\"https:\\\/\\\/www.weingut-heussler.de\\\/wp\\\/shop\\\/wein\\\/rotwein\\\/2021er-allahopp-tr-075l\\\/#breadcrumb\",\"itemListElement\":[{\"@type\":\"ListItem\",\"position\":1,\"name\":\"Startseite\",\"item\":\"https:\\\/\\\/www.weingut-heussler.de\\\/wp\\\/\"},{\"@type\":\"ListItem\",\"position\":2,\"name\":\"Produkte\",\"item\":\"https:\\\/\\\/www.weingut-heussler.de\\\/wp\\\/shop\\\/\"},{\"@type\":\"ListItem\",\"position\":3,\"name\":\"Alla Hopp Rotweincuv\u00e9e trocken\"}]},{\"@type\":\"WebSite\",\"@id\":\"https:\\\/\\\/www.weingut-heussler.de\\\/wp\\\/#website\",\"url\":\"https:\\\/\\\/www.weingut-heussler.de\\\/wp\\\/\",\"name\":\"Heu\u00dfler Wein und Destillate\",\"description\":\"Heu\u00dfler Weingut Destillerie Pfalz\",\"publisher\":{\"@id\":\"https:\\\/\\\/www.weingut-heussler.de\\\/wp\\\/#organization\"},\"potentialAction\":[{\"@type\":\"SearchAction\",\"target\":{\"@type\":\"EntryPoint\",\"urlTemplate\":\"https:\\\/\\\/www.weingut-heussler.de\\\/wp\\\/?s={search_term_string}\"},\"query-input\":{\"@type\":\"PropertyValueSpecification\",\"valueRequired\":true,\"valueName\":\"search_term_string\"}}],\"inLanguage\":\"de\"},{\"@type\":\"Organization\",\"@id\":\"https:\\\/\\\/www.weingut-heussler.de\\\/wp\\\/#organization\",\"name\":\"Heu\u00dfler Wein und Destillate\",\"url\":\"https:\\\/\\\/www.weingut-heussler.de\\\/wp\\\/\",\"logo\":{\"@type\":\"ImageObject\",\"inLanguage\":\"de\",\"@id\":\"https:\\\/\\\/www.weingut-heussler.de\\\/wp\\\/#\\\/schema\\\/logo\\\/image\\\/\",\"url\":\"https:\\\/\\\/www.weingut-heussler.de\\\/wp\\\/wp-content\\\/uploads\\\/2022\\\/07\\\/cropped-Logo.png\",\"contentUrl\":\"https:\\\/\\\/www.weingut-heussler.de\\\/wp\\\/wp-content\\\/uploads\\\/2022\\\/07\\\/cropped-Logo.png\",\"width\":320,\"height\":124,\"caption\":\"Heu\u00dfler Wein und Destillate\"},\"image\":{\"@id\":\"https:\\\/\\\/www.weingut-heussler.de\\\/wp\\\/#\\\/schema\\\/logo\\\/image\\\/\"},\"sameAs\":[\"https:\\\/\\\/de-de.facebook.com\\\/weingutheussler\\\/\",\"https:\\\/\\\/www.instagram.com\\\/weingut.heussler\\\/\"]}]}<\/script>\n<!-- \/ Yoast SEO plugin. -->","yoast_head_json":{"title":"Alla Hopp Rotweincuv\u00e9e trocken - Heu\u00dfler Wein und Destillate","robots":{"index":"index","follow":"follow","max-snippet":"max-snippet:-1","max-image-preview":"max-image-preview:large","max-video-preview":"max-video-preview:-1"},"canonical":"https:\/\/www.weingut-heussler.de\/wp\/shop\/wein\/rotwein\/2021er-allahopp-tr-075l\/","og_locale":"de_DE","og_type":"article","og_title":"Alla Hopp Rotweincuv\u00e9e trocken - Heu\u00dfler Wein und Destillate","og_description":"Sp\u00e4tburgunder \/ Portugieser \/ Dornfelder  saftige Beerenfrucht, frische W\u00fcrzeTrinkfreude auf dem K\u00fcchentisch","og_url":"https:\/\/www.weingut-heussler.de\/wp\/shop\/wein\/rotwein\/2021er-allahopp-tr-075l\/","og_site_name":"Heu\u00dfler Wein und Destillate","article_publisher":"https:\/\/de-de.facebook.com\/weingutheussler\/","article_modified_time":"2025-06-13T06:07:48+00:00","og_image":[{"width":800,"height":800,"url":"https:\/\/www.weingut-heussler.de\/wp\/wp-content\/uploads\/2022\/09\/heussler-weingut-rotwein-alla-hopp.png","type":"image\/png"}],"twitter_card":"summary_large_image","schema":{"@context":"https:\/\/schema.org","@graph":[{"@type":"WebPage","@id":"https:\/\/www.weingut-heussler.de\/wp\/shop\/wein\/rotwein\/2021er-allahopp-tr-075l\/","url":"https:\/\/www.weingut-heussler.de\/wp\/shop\/wein\/rotwein\/2021er-allahopp-tr-075l\/","name":"Alla Hopp Rotweincuv\u00e9e trocken - Heu\u00dfler Wein und Destillate","isPartOf":{"@id":"https:\/\/www.weingut-heussler.de\/wp\/#website"},"primaryImageOfPage":{"@id":"https:\/\/www.weingut-heussler.de\/wp\/shop\/wein\/rotwein\/2021er-allahopp-tr-075l\/#primaryimage"},"image":{"@id":"https:\/\/www.weingut-heussler.de\/wp\/shop\/wein\/rotwein\/2021er-allahopp-tr-075l\/#primaryimage"},"thumbnailUrl":"https:\/\/www.weingut-heussler.de\/wp\/wp-content\/uploads\/2022\/09\/heussler-weingut-rotwein-alla-hopp.png","datePublished":"2022-04-25T21:40:25+00:00","dateModified":"2025-06-13T06:07:48+00:00","breadcrumb":{"@id":"https:\/\/www.weingut-heussler.de\/wp\/shop\/wein\/rotwein\/2021er-allahopp-tr-075l\/#breadcrumb"},"inLanguage":"de","potentialAction":[{"@type":"ReadAction","target":["https:\/\/www.weingut-heussler.de\/wp\/shop\/wein\/rotwein\/2021er-allahopp-tr-075l\/"]}]},{"@type":"ImageObject","inLanguage":"de","@id":"https:\/\/www.weingut-heussler.de\/wp\/shop\/wein\/rotwein\/2021er-allahopp-tr-075l\/#primaryimage","url":"https:\/\/www.weingut-heussler.de\/wp\/wp-content\/uploads\/2022\/09\/heussler-weingut-rotwein-alla-hopp.png","contentUrl":"https:\/\/www.weingut-heussler.de\/wp\/wp-content\/uploads\/2022\/09\/heussler-weingut-rotwein-alla-hopp.png","width":800,"height":800},{"@type":"BreadcrumbList","@id":"https:\/\/www.weingut-heussler.de\/wp\/shop\/wein\/rotwein\/2021er-allahopp-tr-075l\/#breadcrumb","itemListElement":[{"@type":"ListItem","position":1,"name":"Startseite","item":"https:\/\/www.weingut-heussler.de\/wp\/"},{"@type":"ListItem","position":2,"name":"Produkte","item":"https:\/\/www.weingut-heussler.de\/wp\/shop\/"},{"@type":"ListItem","position":3,"name":"Alla Hopp Rotweincuv\u00e9e trocken"}]},{"@type":"WebSite","@id":"https:\/\/www.weingut-heussler.de\/wp\/#website","url":"https:\/\/www.weingut-heussler.de\/wp\/","name":"Heu\u00dfler Wein und Destillate","description":"Heu\u00dfler Weingut Destillerie Pfalz","publisher":{"@id":"https:\/\/www.weingut-heussler.de\/wp\/#organization"},"potentialAction":[{"@type":"SearchAction","target":{"@type":"EntryPoint","urlTemplate":"https:\/\/www.weingut-heussler.de\/wp\/?s={search_term_string}"},"query-input":{"@type":"PropertyValueSpecification","valueRequired":true,"valueName":"search_term_string"}}],"inLanguage":"de"},{"@type":"Organization","@id":"https:\/\/www.weingut-heussler.de\/wp\/#organization","name":"Heu\u00dfler Wein und Destillate","url":"https:\/\/www.weingut-heussler.de\/wp\/","logo":{"@type":"ImageObject","inLanguage":"de","@id":"https:\/\/www.weingut-heussler.de\/wp\/#\/schema\/logo\/image\/","url":"https:\/\/www.weingut-heussler.de\/wp\/wp-content\/uploads\/2022\/07\/cropped-Logo.png","contentUrl":"https:\/\/www.weingut-heussler.de\/wp\/wp-content\/uploads\/2022\/07\/cropped-Logo.png","width":320,"height":124,"caption":"Heu\u00dfler Wein und Destillate"},"image":{"@id":"https:\/\/www.weingut-heussler.de\/wp\/#\/schema\/logo\/image\/"},"sameAs":["https:\/\/de-de.facebook.com\/weingutheussler\/","https:\/\/www.instagram.com\/weingut.heussler\/"]}]}},"_links":{"self":[{"href":"https:\/\/www.weingut-heussler.de\/wp\/wp-json\/wp\/v2\/product\/42","targetHints":{"allow":["GET"]}}],"collection":[{"href":"https:\/\/www.weingut-heussler.de\/wp\/wp-json\/wp\/v2\/product"}],"about":[{"href":"https:\/\/www.weingut-heussler.de\/wp\/wp-json\/wp\/v2\/types\/product"}],"wp:featuredmedia":[{"embeddable":true,"href":"https:\/\/www.weingut-heussler.de\/wp\/wp-json\/wp\/v2\/media\/798"}],"wp:attachment":[{"href":"https:\/\/www.weingut-heussler.de\/wp\/wp-json\/wp\/v2\/media?parent=42"}],"wp:term":[{"taxonomy":"product_brand","embeddable":true,"href":"https:\/\/www.weingut-heussler.de\/wp\/wp-json\/wp\/v2\/product_brand?post=42"},{"taxonomy":"product_cat","embeddable":true,"href":"https:\/\/www.weingut-heussler.de\/wp\/wp-json\/wp\/v2\/product_cat?post=42"},{"taxonomy":"product_tag","embeddable":true,"href":"https:\/\/www.weingut-heussler.de\/wp\/wp-json\/wp\/v2\/product_tag?post=42"}],"curies":[{"name":"wp","href":"https:\/\/api.w.org\/{rel}","templated":true}]}}