{"id":3517,"date":"2025-05-06T14:06:14","date_gmt":"2025-05-06T12:06:14","guid":{"rendered":"https:\/\/www.weingut-heussler.de\/wp\/?post_type=product&#038;p=3517"},"modified":"2025-08-07T10:22:58","modified_gmt":"2025-08-07T08:22:58","slug":"alla-hopp-secco-weiss","status":"publish","type":"product","link":"https:\/\/www.weingut-heussler.de\/wp\/shop\/wein\/sekt\/alla-hopp-secco-weiss\/","title":{"rendered":"Alla Hopp &#8211; Secco"},"content":{"rendered":"","protected":false},"excerpt":{"rendered":"<p><span dir=\"ltr\" role=\"presentation\">Perlwein mit zugesetzter Kohlens\u00e4ure<\/span><\/p>\n<p>Gekeltert aus 100 % Sp\u00e4tburgunder, bringt er die Schmelz und Frucht eines Blanc de Noir ins Glas.<\/p>\n<p>Alla Hopp erobert die Sektgl\u00e4ser und eure Herzen! Probiert unseren neuen Prickler&#8230; Spritzig, sprudelig, pf\u00e4lzisch!<\/p>\n<p>&nbsp;<\/p>\n<p>&lt; das Flaschenfoto ist noch nicht aktualisiert, der Secco trocken kommt mit einem Schraubverschluss\u00a0 &gt;<\/p>\n","protected":false},"featured_media":3523,"template":"","meta":{"_themeisle_gutenberg_block_has_review":false},"product_brand":[],"product_cat":[16,17,148],"product_tag":[97,224],"class_list":{"0":"post-3517","1":"product","2":"type-product","3":"status-publish","4":"has-post-thumbnail","6":"product_cat-sekt","7":"product_cat-weisswein","8":"product_cat-allahopp","9":"product_tag-alkoholfrei","10":"product_tag-allahopp","12":"first","13":"instock","14":"taxable","15":"shipping-taxable","16":"purchasable","17":"product-type-simple"},"yoast_head":"<!-- This site is optimized with the Yoast SEO plugin v27.3 - https:\/\/yoast.com\/product\/yoast-seo-wordpress\/ -->\n<title>Alla Hopp - Secco - Heu\u00dfler Wein und Destillate<\/title>\n<meta name=\"robots\" content=\"index, follow, max-snippet:-1, max-image-preview:large, max-video-preview:-1\" \/>\n<link rel=\"canonical\" href=\"https:\/\/www.weingut-heussler.de\/wp\/shop\/wein\/sekt\/alla-hopp-secco-weiss\/\" \/>\n<meta property=\"og:locale\" content=\"de_DE\" \/>\n<meta property=\"og:type\" content=\"article\" \/>\n<meta property=\"og:title\" content=\"Alla Hopp - Secco - Heu\u00dfler Wein und Destillate\" \/>\n<meta property=\"og:description\" content=\"Perlwein mit zugesetzter Kohlens\u00e4ure  Gekeltert aus 100 % Sp\u00e4tburgunder, bringt er die Schmelz und Frucht eines Blanc de Noir ins Glas.  Alla Hopp erobert die Sektgl\u00e4ser und eure Herzen! Probiert unseren neuen Prickler... Spritzig, sprudelig, pf\u00e4lzisch!  &nbsp;  &lt; das Flaschenfoto ist noch nicht aktualisiert, der Secco trocken kommt mit einem Schraubverschluss\u00a0 &gt;\" \/>\n<meta property=\"og:url\" content=\"https:\/\/www.weingut-heussler.de\/wp\/shop\/wein\/sekt\/alla-hopp-secco-weiss\/\" \/>\n<meta property=\"og:site_name\" content=\"Heu\u00dfler Wein und Destillate\" \/>\n<meta property=\"article:publisher\" content=\"https:\/\/de-de.facebook.com\/weingutheussler\/\" \/>\n<meta property=\"article:modified_time\" content=\"2025-08-07T08:22:58+00:00\" \/>\n<meta property=\"og:image\" content=\"https:\/\/www.weingut-heussler.de\/wp\/wp-content\/uploads\/2025\/05\/secco-e1746796401543.jpg\" \/>\n\t<meta property=\"og:image:width\" content=\"1203\" \/>\n\t<meta property=\"og:image:height\" content=\"1443\" \/>\n\t<meta property=\"og:image:type\" content=\"image\/jpeg\" \/>\n<meta name=\"twitter:card\" content=\"summary_large_image\" \/>\n<meta name=\"twitter:label1\" content=\"Gesch\u00e4tzte Lesezeit\" \/>\n\t<meta name=\"twitter:data1\" content=\"1\u00a0Minute\" \/>\n<script type=\"application\/ld+json\" class=\"yoast-schema-graph\">{\"@context\":\"https:\\\/\\\/schema.org\",\"@graph\":[{\"@type\":\"WebPage\",\"@id\":\"https:\\\/\\\/www.weingut-heussler.de\\\/wp\\\/shop\\\/wein\\\/sekt\\\/alla-hopp-secco-weiss\\\/\",\"url\":\"https:\\\/\\\/www.weingut-heussler.de\\\/wp\\\/shop\\\/wein\\\/sekt\\\/alla-hopp-secco-weiss\\\/\",\"name\":\"Alla Hopp - Secco - Heu\u00dfler Wein und Destillate\",\"isPartOf\":{\"@id\":\"https:\\\/\\\/www.weingut-heussler.de\\\/wp\\\/#website\"},\"primaryImageOfPage\":{\"@id\":\"https:\\\/\\\/www.weingut-heussler.de\\\/wp\\\/shop\\\/wein\\\/sekt\\\/alla-hopp-secco-weiss\\\/#primaryimage\"},\"image\":{\"@id\":\"https:\\\/\\\/www.weingut-heussler.de\\\/wp\\\/shop\\\/wein\\\/sekt\\\/alla-hopp-secco-weiss\\\/#primaryimage\"},\"thumbnailUrl\":\"https:\\\/\\\/www.weingut-heussler.de\\\/wp\\\/wp-content\\\/uploads\\\/2025\\\/05\\\/secco-e1746796401543.jpg\",\"datePublished\":\"2025-05-06T12:06:14+00:00\",\"dateModified\":\"2025-08-07T08:22:58+00:00\",\"breadcrumb\":{\"@id\":\"https:\\\/\\\/www.weingut-heussler.de\\\/wp\\\/shop\\\/wein\\\/sekt\\\/alla-hopp-secco-weiss\\\/#breadcrumb\"},\"inLanguage\":\"de\",\"potentialAction\":[{\"@type\":\"ReadAction\",\"target\":[\"https:\\\/\\\/www.weingut-heussler.de\\\/wp\\\/shop\\\/wein\\\/sekt\\\/alla-hopp-secco-weiss\\\/\"]}]},{\"@type\":\"ImageObject\",\"inLanguage\":\"de\",\"@id\":\"https:\\\/\\\/www.weingut-heussler.de\\\/wp\\\/shop\\\/wein\\\/sekt\\\/alla-hopp-secco-weiss\\\/#primaryimage\",\"url\":\"https:\\\/\\\/www.weingut-heussler.de\\\/wp\\\/wp-content\\\/uploads\\\/2025\\\/05\\\/secco-e1746796401543.jpg\",\"contentUrl\":\"https:\\\/\\\/www.weingut-heussler.de\\\/wp\\\/wp-content\\\/uploads\\\/2025\\\/05\\\/secco-e1746796401543.jpg\",\"width\":1203,\"height\":1443},{\"@type\":\"BreadcrumbList\",\"@id\":\"https:\\\/\\\/www.weingut-heussler.de\\\/wp\\\/shop\\\/wein\\\/sekt\\\/alla-hopp-secco-weiss\\\/#breadcrumb\",\"itemListElement\":[{\"@type\":\"ListItem\",\"position\":1,\"name\":\"Startseite\",\"item\":\"https:\\\/\\\/www.weingut-heussler.de\\\/wp\\\/\"},{\"@type\":\"ListItem\",\"position\":2,\"name\":\"Produkte\",\"item\":\"https:\\\/\\\/www.weingut-heussler.de\\\/wp\\\/shop\\\/\"},{\"@type\":\"ListItem\",\"position\":3,\"name\":\"Alla Hopp &#8211; Secco\"}]},{\"@type\":\"WebSite\",\"@id\":\"https:\\\/\\\/www.weingut-heussler.de\\\/wp\\\/#website\",\"url\":\"https:\\\/\\\/www.weingut-heussler.de\\\/wp\\\/\",\"name\":\"Heu\u00dfler Wein und Destillate\",\"description\":\"Heu\u00dfler Weingut Destillerie Pfalz\",\"publisher\":{\"@id\":\"https:\\\/\\\/www.weingut-heussler.de\\\/wp\\\/#organization\"},\"potentialAction\":[{\"@type\":\"SearchAction\",\"target\":{\"@type\":\"EntryPoint\",\"urlTemplate\":\"https:\\\/\\\/www.weingut-heussler.de\\\/wp\\\/?s={search_term_string}\"},\"query-input\":{\"@type\":\"PropertyValueSpecification\",\"valueRequired\":true,\"valueName\":\"search_term_string\"}}],\"inLanguage\":\"de\"},{\"@type\":\"Organization\",\"@id\":\"https:\\\/\\\/www.weingut-heussler.de\\\/wp\\\/#organization\",\"name\":\"Heu\u00dfler Wein und Destillate\",\"url\":\"https:\\\/\\\/www.weingut-heussler.de\\\/wp\\\/\",\"logo\":{\"@type\":\"ImageObject\",\"inLanguage\":\"de\",\"@id\":\"https:\\\/\\\/www.weingut-heussler.de\\\/wp\\\/#\\\/schema\\\/logo\\\/image\\\/\",\"url\":\"https:\\\/\\\/www.weingut-heussler.de\\\/wp\\\/wp-content\\\/uploads\\\/2022\\\/07\\\/cropped-Logo.png\",\"contentUrl\":\"https:\\\/\\\/www.weingut-heussler.de\\\/wp\\\/wp-content\\\/uploads\\\/2022\\\/07\\\/cropped-Logo.png\",\"width\":320,\"height\":124,\"caption\":\"Heu\u00dfler Wein und Destillate\"},\"image\":{\"@id\":\"https:\\\/\\\/www.weingut-heussler.de\\\/wp\\\/#\\\/schema\\\/logo\\\/image\\\/\"},\"sameAs\":[\"https:\\\/\\\/de-de.facebook.com\\\/weingutheussler\\\/\",\"https:\\\/\\\/www.instagram.com\\\/weingut.heussler\\\/\"]}]}<\/script>\n<!-- \/ Yoast SEO plugin. -->","yoast_head_json":{"title":"Alla Hopp - Secco - Heu\u00dfler Wein und Destillate","robots":{"index":"index","follow":"follow","max-snippet":"max-snippet:-1","max-image-preview":"max-image-preview:large","max-video-preview":"max-video-preview:-1"},"canonical":"https:\/\/www.weingut-heussler.de\/wp\/shop\/wein\/sekt\/alla-hopp-secco-weiss\/","og_locale":"de_DE","og_type":"article","og_title":"Alla Hopp - Secco - Heu\u00dfler Wein und Destillate","og_description":"Perlwein mit zugesetzter Kohlens\u00e4ure  Gekeltert aus 100 % Sp\u00e4tburgunder, bringt er die Schmelz und Frucht eines Blanc de Noir ins Glas.  Alla Hopp erobert die Sektgl\u00e4ser und eure Herzen! Probiert unseren neuen Prickler... Spritzig, sprudelig, pf\u00e4lzisch!  &nbsp;  &lt; das Flaschenfoto ist noch nicht aktualisiert, der Secco trocken kommt mit einem Schraubverschluss\u00a0 &gt;","og_url":"https:\/\/www.weingut-heussler.de\/wp\/shop\/wein\/sekt\/alla-hopp-secco-weiss\/","og_site_name":"Heu\u00dfler Wein und Destillate","article_publisher":"https:\/\/de-de.facebook.com\/weingutheussler\/","article_modified_time":"2025-08-07T08:22:58+00:00","og_image":[{"width":1203,"height":1443,"url":"https:\/\/www.weingut-heussler.de\/wp\/wp-content\/uploads\/2025\/05\/secco-e1746796401543.jpg","type":"image\/jpeg"}],"twitter_card":"summary_large_image","twitter_misc":{"Gesch\u00e4tzte Lesezeit":"1\u00a0Minute"},"schema":{"@context":"https:\/\/schema.org","@graph":[{"@type":"WebPage","@id":"https:\/\/www.weingut-heussler.de\/wp\/shop\/wein\/sekt\/alla-hopp-secco-weiss\/","url":"https:\/\/www.weingut-heussler.de\/wp\/shop\/wein\/sekt\/alla-hopp-secco-weiss\/","name":"Alla Hopp - Secco - Heu\u00dfler Wein und Destillate","isPartOf":{"@id":"https:\/\/www.weingut-heussler.de\/wp\/#website"},"primaryImageOfPage":{"@id":"https:\/\/www.weingut-heussler.de\/wp\/shop\/wein\/sekt\/alla-hopp-secco-weiss\/#primaryimage"},"image":{"@id":"https:\/\/www.weingut-heussler.de\/wp\/shop\/wein\/sekt\/alla-hopp-secco-weiss\/#primaryimage"},"thumbnailUrl":"https:\/\/www.weingut-heussler.de\/wp\/wp-content\/uploads\/2025\/05\/secco-e1746796401543.jpg","datePublished":"2025-05-06T12:06:14+00:00","dateModified":"2025-08-07T08:22:58+00:00","breadcrumb":{"@id":"https:\/\/www.weingut-heussler.de\/wp\/shop\/wein\/sekt\/alla-hopp-secco-weiss\/#breadcrumb"},"inLanguage":"de","potentialAction":[{"@type":"ReadAction","target":["https:\/\/www.weingut-heussler.de\/wp\/shop\/wein\/sekt\/alla-hopp-secco-weiss\/"]}]},{"@type":"ImageObject","inLanguage":"de","@id":"https:\/\/www.weingut-heussler.de\/wp\/shop\/wein\/sekt\/alla-hopp-secco-weiss\/#primaryimage","url":"https:\/\/www.weingut-heussler.de\/wp\/wp-content\/uploads\/2025\/05\/secco-e1746796401543.jpg","contentUrl":"https:\/\/www.weingut-heussler.de\/wp\/wp-content\/uploads\/2025\/05\/secco-e1746796401543.jpg","width":1203,"height":1443},{"@type":"BreadcrumbList","@id":"https:\/\/www.weingut-heussler.de\/wp\/shop\/wein\/sekt\/alla-hopp-secco-weiss\/#breadcrumb","itemListElement":[{"@type":"ListItem","position":1,"name":"Startseite","item":"https:\/\/www.weingut-heussler.de\/wp\/"},{"@type":"ListItem","position":2,"name":"Produkte","item":"https:\/\/www.weingut-heussler.de\/wp\/shop\/"},{"@type":"ListItem","position":3,"name":"Alla Hopp &#8211; Secco"}]},{"@type":"WebSite","@id":"https:\/\/www.weingut-heussler.de\/wp\/#website","url":"https:\/\/www.weingut-heussler.de\/wp\/","name":"Heu\u00dfler Wein und Destillate","description":"Heu\u00dfler Weingut Destillerie Pfalz","publisher":{"@id":"https:\/\/www.weingut-heussler.de\/wp\/#organization"},"potentialAction":[{"@type":"SearchAction","target":{"@type":"EntryPoint","urlTemplate":"https:\/\/www.weingut-heussler.de\/wp\/?s={search_term_string}"},"query-input":{"@type":"PropertyValueSpecification","valueRequired":true,"valueName":"search_term_string"}}],"inLanguage":"de"},{"@type":"Organization","@id":"https:\/\/www.weingut-heussler.de\/wp\/#organization","name":"Heu\u00dfler Wein und Destillate","url":"https:\/\/www.weingut-heussler.de\/wp\/","logo":{"@type":"ImageObject","inLanguage":"de","@id":"https:\/\/www.weingut-heussler.de\/wp\/#\/schema\/logo\/image\/","url":"https:\/\/www.weingut-heussler.de\/wp\/wp-content\/uploads\/2022\/07\/cropped-Logo.png","contentUrl":"https:\/\/www.weingut-heussler.de\/wp\/wp-content\/uploads\/2022\/07\/cropped-Logo.png","width":320,"height":124,"caption":"Heu\u00dfler Wein und Destillate"},"image":{"@id":"https:\/\/www.weingut-heussler.de\/wp\/#\/schema\/logo\/image\/"},"sameAs":["https:\/\/de-de.facebook.com\/weingutheussler\/","https:\/\/www.instagram.com\/weingut.heussler\/"]}]}},"_links":{"self":[{"href":"https:\/\/www.weingut-heussler.de\/wp\/wp-json\/wp\/v2\/product\/3517","targetHints":{"allow":["GET"]}}],"collection":[{"href":"https:\/\/www.weingut-heussler.de\/wp\/wp-json\/wp\/v2\/product"}],"about":[{"href":"https:\/\/www.weingut-heussler.de\/wp\/wp-json\/wp\/v2\/types\/product"}],"wp:featuredmedia":[{"embeddable":true,"href":"https:\/\/www.weingut-heussler.de\/wp\/wp-json\/wp\/v2\/media\/3523"}],"wp:attachment":[{"href":"https:\/\/www.weingut-heussler.de\/wp\/wp-json\/wp\/v2\/media?parent=3517"}],"wp:term":[{"taxonomy":"product_brand","embeddable":true,"href":"https:\/\/www.weingut-heussler.de\/wp\/wp-json\/wp\/v2\/product_brand?post=3517"},{"taxonomy":"product_cat","embeddable":true,"href":"https:\/\/www.weingut-heussler.de\/wp\/wp-json\/wp\/v2\/product_cat?post=3517"},{"taxonomy":"product_tag","embeddable":true,"href":"https:\/\/www.weingut-heussler.de\/wp\/wp-json\/wp\/v2\/product_tag?post=3517"}],"curies":[{"name":"wp","href":"https:\/\/api.w.org\/{rel}","templated":true}]}}