{"id":26,"date":"2022-04-25T23:40:23","date_gmt":"2022-04-25T21:40:23","guid":{"rendered":"https:\/\/www.weingut-heussler.de\/wp\/?post_type=product&#038;p=26"},"modified":"2025-11-13T11:35:40","modified_gmt":"2025-11-13T10:35:40","slug":"2023er-alla-hopp-weiss-075l","status":"publish","type":"product","link":"https:\/\/www.weingut-heussler.de\/wp\/shop\/wein\/weisswein\/2023er-alla-hopp-weiss-075l\/","title":{"rendered":"Alla Hopp Weissweincuv\u00e9e trocken"},"content":{"rendered":"","protected":false},"excerpt":{"rendered":"<p><span dir=\"ltr\" role=\"presentation\">Die Pfalz im Glas! <\/span><\/p>\n<p><span dir=\"ltr\" role=\"presentation\">Riesling und Gew\u00fcrztraminer waren schon vor 100 Jahren eine \u00fcberzeugende Kombi im Gemischten Satz, <\/span><\/p>\n<p><span dir=\"ltr\" role=\"presentation\">heute werden die Weinberge &#8222;sortenrein&#8220; angepflanzt\u00a0 und die Verbindung der Trauben entsteht im Keller. <\/span><\/p>\n<p>Alla Hopp vereint die typischen Rebsorten f\u00fcr unser Dorf Rhodt, Riesling \/ Gew\u00fcrztraminer \/ Weissburgunder.<\/p>\n<p><span dir=\"ltr\" role=\"presentation\">Der Riesling bringt die Frische und Saftigkeit, der Gew\u00fcrztraminer Frucht und florale Noten und der Weissburgunder schmelz und Balance.<br \/>\n<\/span><\/p>\n<p>&nbsp;<\/p>\n<p>&nbsp;<\/p>\n","protected":false},"featured_media":811,"template":"","meta":{"_themeisle_gutenberg_block_has_review":false},"product_brand":[],"product_cat":[148,17],"product_tag":[107,106,104,99,105],"class_list":{"0":"post-26","1":"product","2":"type-product","3":"status-publish","4":"has-post-thumbnail","6":"product_cat-allahopp","7":"product_cat-weisswein","8":"product_tag-alla-hopp","9":"product_tag-gewuerztraminer","10":"product_tag-riesling","11":"product_tag-trocken","12":"product_tag-weissburgunder","14":"first","15":"instock","16":"taxable","17":"shipping-taxable","18":"purchasable","19":"product-type-simple"},"yoast_head":"<!-- This site is optimized with the Yoast SEO plugin v26.6 - https:\/\/yoast.com\/wordpress\/plugins\/seo\/ -->\n<title>Alla Hopp Weissweincuv\u00e9e trocken - Heu\u00dfler Wein und Destillate<\/title>\n<meta name=\"robots\" content=\"index, follow, max-snippet:-1, max-image-preview:large, max-video-preview:-1\" \/>\n<link rel=\"canonical\" href=\"https:\/\/www.weingut-heussler.de\/wp\/shop\/wein\/weisswein\/2023er-alla-hopp-weiss-075l\/\" \/>\n<meta property=\"og:locale\" content=\"de_DE\" \/>\n<meta property=\"og:type\" content=\"article\" \/>\n<meta property=\"og:title\" content=\"Alla Hopp Weissweincuv\u00e9e trocken - Heu\u00dfler Wein und Destillate\" \/>\n<meta property=\"og:description\" content=\"Die Pfalz im Glas!   Riesling und Gew\u00fcrztraminer waren schon vor 100 Jahren eine \u00fcberzeugende Kombi im Gemischten Satz,   heute werden die Weinberge &quot;sortenrein&quot; angepflanzt\u00a0 und die Verbindung der Trauben entsteht im Keller.   Alla Hopp vereint die typischen Rebsorten f\u00fcr unser Dorf Rhodt, Riesling \/ Gew\u00fcrztraminer \/ Weissburgunder.  Der Riesling bringt die Frische und Saftigkeit, der Gew\u00fcrztraminer Frucht und florale Noten und der Weissburgunder schmelz und Balance.   &nbsp;  &nbsp;\" \/>\n<meta property=\"og:url\" content=\"https:\/\/www.weingut-heussler.de\/wp\/shop\/wein\/weisswein\/2023er-alla-hopp-weiss-075l\/\" \/>\n<meta property=\"og:site_name\" content=\"Heu\u00dfler Wein und Destillate\" \/>\n<meta property=\"article:publisher\" content=\"https:\/\/de-de.facebook.com\/weingutheussler\/\" \/>\n<meta property=\"article:modified_time\" content=\"2025-11-13T10:35:40+00:00\" \/>\n<meta property=\"og:image\" content=\"https:\/\/www.weingut-heussler.de\/wp\/wp-content\/uploads\/2022\/09\/heussler-weingut-weisswein-alla-hopp.png\" \/>\n\t<meta property=\"og:image:width\" content=\"800\" \/>\n\t<meta property=\"og:image:height\" content=\"800\" \/>\n\t<meta property=\"og:image:type\" content=\"image\/png\" \/>\n<meta name=\"twitter:card\" content=\"summary_large_image\" \/>\n<script type=\"application\/ld+json\" class=\"yoast-schema-graph\">{\"@context\":\"https:\/\/schema.org\",\"@graph\":[{\"@type\":\"WebPage\",\"@id\":\"https:\/\/www.weingut-heussler.de\/wp\/shop\/wein\/weisswein\/2023er-alla-hopp-weiss-075l\/\",\"url\":\"https:\/\/www.weingut-heussler.de\/wp\/shop\/wein\/weisswein\/2023er-alla-hopp-weiss-075l\/\",\"name\":\"Alla Hopp Weissweincuv\u00e9e trocken - Heu\u00dfler Wein und Destillate\",\"isPartOf\":{\"@id\":\"https:\/\/www.weingut-heussler.de\/wp\/#website\"},\"primaryImageOfPage\":{\"@id\":\"https:\/\/www.weingut-heussler.de\/wp\/shop\/wein\/weisswein\/2023er-alla-hopp-weiss-075l\/#primaryimage\"},\"image\":{\"@id\":\"https:\/\/www.weingut-heussler.de\/wp\/shop\/wein\/weisswein\/2023er-alla-hopp-weiss-075l\/#primaryimage\"},\"thumbnailUrl\":\"https:\/\/www.weingut-heussler.de\/wp\/wp-content\/uploads\/2022\/09\/heussler-weingut-weisswein-alla-hopp.png\",\"datePublished\":\"2022-04-25T21:40:23+00:00\",\"dateModified\":\"2025-11-13T10:35:40+00:00\",\"breadcrumb\":{\"@id\":\"https:\/\/www.weingut-heussler.de\/wp\/shop\/wein\/weisswein\/2023er-alla-hopp-weiss-075l\/#breadcrumb\"},\"inLanguage\":\"de\",\"potentialAction\":[{\"@type\":\"ReadAction\",\"target\":[\"https:\/\/www.weingut-heussler.de\/wp\/shop\/wein\/weisswein\/2023er-alla-hopp-weiss-075l\/\"]}]},{\"@type\":\"ImageObject\",\"inLanguage\":\"de\",\"@id\":\"https:\/\/www.weingut-heussler.de\/wp\/shop\/wein\/weisswein\/2023er-alla-hopp-weiss-075l\/#primaryimage\",\"url\":\"https:\/\/www.weingut-heussler.de\/wp\/wp-content\/uploads\/2022\/09\/heussler-weingut-weisswein-alla-hopp.png\",\"contentUrl\":\"https:\/\/www.weingut-heussler.de\/wp\/wp-content\/uploads\/2022\/09\/heussler-weingut-weisswein-alla-hopp.png\",\"width\":800,\"height\":800},{\"@type\":\"BreadcrumbList\",\"@id\":\"https:\/\/www.weingut-heussler.de\/wp\/shop\/wein\/weisswein\/2023er-alla-hopp-weiss-075l\/#breadcrumb\",\"itemListElement\":[{\"@type\":\"ListItem\",\"position\":1,\"name\":\"Startseite\",\"item\":\"https:\/\/www.weingut-heussler.de\/wp\/\"},{\"@type\":\"ListItem\",\"position\":2,\"name\":\"Produkte\",\"item\":\"https:\/\/www.weingut-heussler.de\/wp\/shop\/\"},{\"@type\":\"ListItem\",\"position\":3,\"name\":\"Alla Hopp Weissweincuv\u00e9e trocken\"}]},{\"@type\":\"WebSite\",\"@id\":\"https:\/\/www.weingut-heussler.de\/wp\/#website\",\"url\":\"https:\/\/www.weingut-heussler.de\/wp\/\",\"name\":\"Heu\u00dfler Wein und Destillate\",\"description\":\"Heu\u00dfler Weingut Destillerie Pfalz\",\"publisher\":{\"@id\":\"https:\/\/www.weingut-heussler.de\/wp\/#organization\"},\"potentialAction\":[{\"@type\":\"SearchAction\",\"target\":{\"@type\":\"EntryPoint\",\"urlTemplate\":\"https:\/\/www.weingut-heussler.de\/wp\/?s={search_term_string}\"},\"query-input\":{\"@type\":\"PropertyValueSpecification\",\"valueRequired\":true,\"valueName\":\"search_term_string\"}}],\"inLanguage\":\"de\"},{\"@type\":\"Organization\",\"@id\":\"https:\/\/www.weingut-heussler.de\/wp\/#organization\",\"name\":\"Heu\u00dfler Wein und Destillate\",\"url\":\"https:\/\/www.weingut-heussler.de\/wp\/\",\"logo\":{\"@type\":\"ImageObject\",\"inLanguage\":\"de\",\"@id\":\"https:\/\/www.weingut-heussler.de\/wp\/#\/schema\/logo\/image\/\",\"url\":\"https:\/\/www.weingut-heussler.de\/wp\/wp-content\/uploads\/2022\/07\/cropped-Logo.png\",\"contentUrl\":\"https:\/\/www.weingut-heussler.de\/wp\/wp-content\/uploads\/2022\/07\/cropped-Logo.png\",\"width\":320,\"height\":124,\"caption\":\"Heu\u00dfler Wein und Destillate\"},\"image\":{\"@id\":\"https:\/\/www.weingut-heussler.de\/wp\/#\/schema\/logo\/image\/\"},\"sameAs\":[\"https:\/\/de-de.facebook.com\/weingutheussler\/\",\"https:\/\/www.instagram.com\/weingut.heussler\/\"]}]}<\/script>\n<!-- \/ Yoast SEO plugin. -->","yoast_head_json":{"title":"Alla Hopp Weissweincuv\u00e9e trocken - Heu\u00dfler Wein und Destillate","robots":{"index":"index","follow":"follow","max-snippet":"max-snippet:-1","max-image-preview":"max-image-preview:large","max-video-preview":"max-video-preview:-1"},"canonical":"https:\/\/www.weingut-heussler.de\/wp\/shop\/wein\/weisswein\/2023er-alla-hopp-weiss-075l\/","og_locale":"de_DE","og_type":"article","og_title":"Alla Hopp Weissweincuv\u00e9e trocken - Heu\u00dfler Wein und Destillate","og_description":"Die Pfalz im Glas!   Riesling und Gew\u00fcrztraminer waren schon vor 100 Jahren eine \u00fcberzeugende Kombi im Gemischten Satz,   heute werden die Weinberge \"sortenrein\" angepflanzt\u00a0 und die Verbindung der Trauben entsteht im Keller.   Alla Hopp vereint die typischen Rebsorten f\u00fcr unser Dorf Rhodt, Riesling \/ Gew\u00fcrztraminer \/ Weissburgunder.  Der Riesling bringt die Frische und Saftigkeit, der Gew\u00fcrztraminer Frucht und florale Noten und der Weissburgunder schmelz und Balance.   &nbsp;  &nbsp;","og_url":"https:\/\/www.weingut-heussler.de\/wp\/shop\/wein\/weisswein\/2023er-alla-hopp-weiss-075l\/","og_site_name":"Heu\u00dfler Wein und Destillate","article_publisher":"https:\/\/de-de.facebook.com\/weingutheussler\/","article_modified_time":"2025-11-13T10:35:40+00:00","og_image":[{"width":800,"height":800,"url":"https:\/\/www.weingut-heussler.de\/wp\/wp-content\/uploads\/2022\/09\/heussler-weingut-weisswein-alla-hopp.png","type":"image\/png"}],"twitter_card":"summary_large_image","schema":{"@context":"https:\/\/schema.org","@graph":[{"@type":"WebPage","@id":"https:\/\/www.weingut-heussler.de\/wp\/shop\/wein\/weisswein\/2023er-alla-hopp-weiss-075l\/","url":"https:\/\/www.weingut-heussler.de\/wp\/shop\/wein\/weisswein\/2023er-alla-hopp-weiss-075l\/","name":"Alla Hopp Weissweincuv\u00e9e trocken - Heu\u00dfler Wein und Destillate","isPartOf":{"@id":"https:\/\/www.weingut-heussler.de\/wp\/#website"},"primaryImageOfPage":{"@id":"https:\/\/www.weingut-heussler.de\/wp\/shop\/wein\/weisswein\/2023er-alla-hopp-weiss-075l\/#primaryimage"},"image":{"@id":"https:\/\/www.weingut-heussler.de\/wp\/shop\/wein\/weisswein\/2023er-alla-hopp-weiss-075l\/#primaryimage"},"thumbnailUrl":"https:\/\/www.weingut-heussler.de\/wp\/wp-content\/uploads\/2022\/09\/heussler-weingut-weisswein-alla-hopp.png","datePublished":"2022-04-25T21:40:23+00:00","dateModified":"2025-11-13T10:35:40+00:00","breadcrumb":{"@id":"https:\/\/www.weingut-heussler.de\/wp\/shop\/wein\/weisswein\/2023er-alla-hopp-weiss-075l\/#breadcrumb"},"inLanguage":"de","potentialAction":[{"@type":"ReadAction","target":["https:\/\/www.weingut-heussler.de\/wp\/shop\/wein\/weisswein\/2023er-alla-hopp-weiss-075l\/"]}]},{"@type":"ImageObject","inLanguage":"de","@id":"https:\/\/www.weingut-heussler.de\/wp\/shop\/wein\/weisswein\/2023er-alla-hopp-weiss-075l\/#primaryimage","url":"https:\/\/www.weingut-heussler.de\/wp\/wp-content\/uploads\/2022\/09\/heussler-weingut-weisswein-alla-hopp.png","contentUrl":"https:\/\/www.weingut-heussler.de\/wp\/wp-content\/uploads\/2022\/09\/heussler-weingut-weisswein-alla-hopp.png","width":800,"height":800},{"@type":"BreadcrumbList","@id":"https:\/\/www.weingut-heussler.de\/wp\/shop\/wein\/weisswein\/2023er-alla-hopp-weiss-075l\/#breadcrumb","itemListElement":[{"@type":"ListItem","position":1,"name":"Startseite","item":"https:\/\/www.weingut-heussler.de\/wp\/"},{"@type":"ListItem","position":2,"name":"Produkte","item":"https:\/\/www.weingut-heussler.de\/wp\/shop\/"},{"@type":"ListItem","position":3,"name":"Alla Hopp Weissweincuv\u00e9e trocken"}]},{"@type":"WebSite","@id":"https:\/\/www.weingut-heussler.de\/wp\/#website","url":"https:\/\/www.weingut-heussler.de\/wp\/","name":"Heu\u00dfler Wein und Destillate","description":"Heu\u00dfler Weingut Destillerie Pfalz","publisher":{"@id":"https:\/\/www.weingut-heussler.de\/wp\/#organization"},"potentialAction":[{"@type":"SearchAction","target":{"@type":"EntryPoint","urlTemplate":"https:\/\/www.weingut-heussler.de\/wp\/?s={search_term_string}"},"query-input":{"@type":"PropertyValueSpecification","valueRequired":true,"valueName":"search_term_string"}}],"inLanguage":"de"},{"@type":"Organization","@id":"https:\/\/www.weingut-heussler.de\/wp\/#organization","name":"Heu\u00dfler Wein und Destillate","url":"https:\/\/www.weingut-heussler.de\/wp\/","logo":{"@type":"ImageObject","inLanguage":"de","@id":"https:\/\/www.weingut-heussler.de\/wp\/#\/schema\/logo\/image\/","url":"https:\/\/www.weingut-heussler.de\/wp\/wp-content\/uploads\/2022\/07\/cropped-Logo.png","contentUrl":"https:\/\/www.weingut-heussler.de\/wp\/wp-content\/uploads\/2022\/07\/cropped-Logo.png","width":320,"height":124,"caption":"Heu\u00dfler Wein und Destillate"},"image":{"@id":"https:\/\/www.weingut-heussler.de\/wp\/#\/schema\/logo\/image\/"},"sameAs":["https:\/\/de-de.facebook.com\/weingutheussler\/","https:\/\/www.instagram.com\/weingut.heussler\/"]}]}},"_links":{"self":[{"href":"https:\/\/www.weingut-heussler.de\/wp\/wp-json\/wp\/v2\/product\/26","targetHints":{"allow":["GET"]}}],"collection":[{"href":"https:\/\/www.weingut-heussler.de\/wp\/wp-json\/wp\/v2\/product"}],"about":[{"href":"https:\/\/www.weingut-heussler.de\/wp\/wp-json\/wp\/v2\/types\/product"}],"wp:featuredmedia":[{"embeddable":true,"href":"https:\/\/www.weingut-heussler.de\/wp\/wp-json\/wp\/v2\/media\/811"}],"wp:attachment":[{"href":"https:\/\/www.weingut-heussler.de\/wp\/wp-json\/wp\/v2\/media?parent=26"}],"wp:term":[{"taxonomy":"product_brand","embeddable":true,"href":"https:\/\/www.weingut-heussler.de\/wp\/wp-json\/wp\/v2\/product_brand?post=26"},{"taxonomy":"product_cat","embeddable":true,"href":"https:\/\/www.weingut-heussler.de\/wp\/wp-json\/wp\/v2\/product_cat?post=26"},{"taxonomy":"product_tag","embeddable":true,"href":"https:\/\/www.weingut-heussler.de\/wp\/wp-json\/wp\/v2\/product_tag?post=26"}],"curies":[{"name":"wp","href":"https:\/\/api.w.org\/{rel}","templated":true}]}}